{"id":138,"date":"2025-02-12T13:18:59","date_gmt":"2025-02-12T13:18:59","guid":{"rendered":"https:\/\/okawari.fr\/wp\/?page_id=138"},"modified":"2025-08-28T01:30:06","modified_gmt":"2025-08-28T01:30:06","slug":"la-carte-pour-manger-sur-place","status":"publish","type":"page","link":"https:\/\/okawari.fr\/wp\/la-carte-pour-manger-sur-place\/","title":{"rendered":"La carte pour manger sur place"},"content":{"rendered":"\n<p class=\"has-text-align-center\">Sur place est uniquement disponible les mercredi soir,jeudi soir et vendredi soir.<\/p>\n\n\n\n<p class=\"has-text-align-center\">19:00-21:00<\/p>\n\n\n\n<p class=\"has-text-align-center\">**Nous informons notre aimable client\u00e8le qu\u2019il n\u2019y a <strong><mark style=\"background-color:rgba(0, 0, 0, 0);color:#ff0000\" class=\"has-inline-color\">pas de toilettes<\/mark><\/strong> dans notre restaurant.<\/p>\n\n\n\n<p class=\"has-text-align-center\">Nous avons seulement trois tables disponibles, alors nous vous recommandons vivement de r\u00e9server \u00e0 l\u2019avance pour garantir votre place.<\/p>\n\n\n\n<p><\/p>\n\n\n\n<p class=\"has-text-align-center\"><strong>Ce menu est diff\u00e9rent du menu \u00e0 emporter.<\/strong><br><strong>Si vous souhaitez commander \u00e0 emporter, veuillez consulter le menu d\u00e9di\u00e9 <a href=\"https:\/\/okawari.fr\/wp\/la-carte-pour-vante-a-emporter\/\" data-type=\"page\" data-id=\"100\">ici<\/a>.<\/strong><\/p>\n\n\n\n<figure class=\"wp-block-image size-full\"><img fetchpriority=\"high\" decoding=\"async\" width=\"800\" height=\"1132\" src=\"https:\/\/okawari.fr\/wp\/wp-content\/uploads\/2025\/02\/1000022620.jpg\" alt=\"\" class=\"wp-image-207\" srcset=\"https:\/\/okawari.fr\/wp\/wp-content\/uploads\/2025\/02\/1000022620.jpg 800w, https:\/\/okawari.fr\/wp\/wp-content\/uploads\/2025\/02\/1000022620-212x300.jpg 212w, https:\/\/okawari.fr\/wp\/wp-content\/uploads\/2025\/02\/1000022620-724x1024.jpg 724w, https:\/\/okawari.fr\/wp\/wp-content\/uploads\/2025\/02\/1000022620-768x1087.jpg 768w\" sizes=\"(max-width: 800px) 100vw, 800px\" \/><\/figure>\n","protected":false},"excerpt":{"rendered":"<p>Sur place est uniquement disponible les mercredi soir,jeudi soir et vendredi soir. 19:00-21:00 **Nous informon [&hellip;]<\/p>\n","protected":false},"author":1,"featured_media":0,"parent":0,"menu_order":0,"comment_status":"closed","ping_status":"closed","template":"","meta":{"_uag_custom_page_level_css":"","footnotes":""},"class_list":["post-138","page","type-page","status-publish","hentry"],"uagb_featured_image_src":{"full":false,"thumbnail":false,"medium":false,"medium_large":false,"large":false,"1536x1536":false,"2048x2048":false},"uagb_author_info":{"display_name":"admin","author_link":"https:\/\/okawari.fr\/wp\/author\/admin\/"},"uagb_comment_info":0,"uagb_excerpt":"Sur place est uniquement disponible les mercredi soir,j&hellip;","jetpack_sharing_enabled":true,"_links":{"self":[{"href":"https:\/\/okawari.fr\/wp\/wp-json\/wp\/v2\/pages\/138","targetHints":{"allow":["GET"]}}],"collection":[{"href":"https:\/\/okawari.fr\/wp\/wp-json\/wp\/v2\/pages"}],"about":[{"href":"https:\/\/okawari.fr\/wp\/wp-json\/wp\/v2\/types\/page"}],"author":[{"embeddable":true,"href":"https:\/\/okawari.fr\/wp\/wp-json\/wp\/v2\/users\/1"}],"replies":[{"embeddable":true,"href":"https:\/\/okawari.fr\/wp\/wp-json\/wp\/v2\/comments?post=138"}],"version-history":[{"count":5,"href":"https:\/\/okawari.fr\/wp\/wp-json\/wp\/v2\/pages\/138\/revisions"}],"predecessor-version":[{"id":424,"href":"https:\/\/okawari.fr\/wp\/wp-json\/wp\/v2\/pages\/138\/revisions\/424"}],"wp:attachment":[{"href":"https:\/\/okawari.fr\/wp\/wp-json\/wp\/v2\/media?parent=138"}],"curies":[{"name":"wp","href":"https:\/\/api.w.org\/{rel}","templated":true}]}}